{"id":3,"date":"2024-01-17T11:11:38","date_gmt":"2024-01-17T11:11:38","guid":{"rendered":"https:\/\/www.teachme-srpski.com\/sr\/?page_id=3"},"modified":"2024-04-17T16:34:55","modified_gmt":"2024-04-17T14:34:55","slug":"politika-privatnosti","status":"publish","type":"page","link":"https:\/\/www.teachme-srpski.com\/sr\/politika-privatnosti\/","title":{"rendered":"Politika privatnosti"},"content":{"rendered":"<p>Ova stranica obja\u0161njava upotrebu kola\u010di\u0107a (cookies) na ovom sajtu i politiku privatnosti. Ukoliko nastavite sa kori\u0161\u0107enjem ovog sajta, saglasni ste sa na\u0161om upotrebom kola\u010di\u0107a i politikom privatnosti.<\/p>\n<h2>\u0160ta su kola\u010di\u0107i<\/h2>\n<p>Kola\u010di\u0107i su male datoteke koje su uskladi\u0161tene na va\u0161em ra\u010dunaru pomo\u0107u web pretra\u017eiva\u010da (kao \u0161to su Internet Explorer, Microsoft Edge, Chrome, Firefox ili Safari\u2026) na zahtev sajta koji pregledate. To omogu\u0107ava sajtu koji pregledate da zapamti stvari o vama, kao \u0161to su va\u0161a pode\u0161avanja koja ste postavili na sajtu i istoriju pregleda stranica ili da zapamti va\u0161u prijavu.<\/p>\n<p>Kola\u010di\u0107i mogu biti uskladi\u0161teni na va\u0161em ra\u010dunaru na kratak period (na primer, neki su uskladi\u0161teni samo dok vam je web pretra\u017eiva\u010d otvoren) ili na du\u017ei period, \u010dak i godinama. Kola\u010di\u0107i koji nisu uskladi\u0161teni od ovog sajta nisu nam dostupni.<\/p>\n<h3 data-fontsize=\"16\" data-lineheight=\"24\">Na\u0161a upotreba kola\u010di\u0107a<\/h3>\n<p>Ovaj sajt koristi kola\u010di\u0107e u razne svrhe, a najva\u017enije je analitika. To nam omogu\u0107ava da utvrdimo kako posetioci koriste ovaj sajt radi njegovog unapre\u0111enja.<br \/>\nOstali kola\u010di\u0107i tre\u0107ih lica za stvari kao \u0161to su Facebook ili Twitter deljenje. Ovi kola\u010di\u0107i uglavnom \u0107e biti postavljeni od strane tre\u0107ih lica nezavisno, tako da ovaj sajt nema mogu\u0107nost za \u010ditanje ili pisanje istih.<\/p>\n<h3 data-fontsize=\"16\" data-lineheight=\"24\">Uklanjanje\/Onemogu\u0107avanje kola\u010di\u0107a<\/h3>\n<p>Kontrolom i pode\u0161avanjem kola\u010di\u0107a upravlja se u va\u0161em web pretra\u017eiva\u010du. Ispod se nalazi spisak uputstava o tome kako to u\u010diniti u nekim od najpopularnijih web pretra\u017eiva\u010da:<\/p>\n<ul>\n<li><a href=\"http:\/\/windows.microsoft.com\/en-US\/internet-explorer\/delete-manage-cookies\" target=\"_blank\" rel=\"nofollow noopener noreferrer\">Internet Explorer ili Microsoft Edge<\/a><\/li>\n<li><a href=\"http:\/\/support.mozilla.org\/kb\/cookies-information-websites-store-on-your-computer\" target=\"_blank\" rel=\"nofollow noopener noreferrer\">Firefox<\/a><\/li>\n<li><a href=\"https:\/\/support.google.com\/chrome\/answer\/95647?hl=en\" target=\"_blank\" rel=\"nofollow noopener noreferrer\">Chrome<\/a><\/li>\n<li><a href=\"http:\/\/support.apple.com\/kb\/PH17191\" target=\"_blank\" rel=\"nofollow noopener noreferrer\">Safari<\/a><\/li>\n<li><a href=\"http:\/\/www.opera.com\/help\/tutorials\/security\/privacy\/\" target=\"_blank\" rel=\"nofollow noopener noreferrer\">Opera<\/a><\/li>\n<\/ul>\n<h2>Politika privatnosti<\/h2>\n<p>Ova politika privatnosti ure\u0111uje kako www.teachme-srpski.com\/sr sajt prikuplja, koristi i \u0161titi sve informacije koje ste dali.<\/p>\n<p>www.teachme-srpski.com\/sr sajt je posve\u0107en tome da Va\u0161a privatnost je za\u0161ti\u0107ena. Bilo koje informacije pridobijene od Vas, kojim mo\u017eete biti identifikovani, koristi\u0107e se u skladu sa ovom politikom privatnosti.<\/p>\n<p>www.teachme-srpski.com\/sr sajt mo\u017ee promeniti politiku privatnosti kada je to neophodno. Du\u017eni ste da proverite ovu Politiku privatnosti periodi\u010dno kako bi se osiguralo da se sla\u017eete sa svim eventualnim promenama. Ukoliko niste saglasni sa politikom privatnosti ili sa izvr\u0161enim promenama, molimo Vas da ne pose\u0107ujete ovaj sajt.<\/p>\n<h3>Koje informacije prikupljamo<\/h3>\n<p>Prilikom slanja upita na www.teachme-srpski.com\/sr sajtu, od Vas se jedino zahteva da\u00a0 unesete ime i ispravnu email adresu. Va\u0161a email adresa je dostupna samo administratoru www.teachme-srpski.com\/sr sajta i vlasnicima Edukativni centar Cvrkutanje i ona nije vidljiva za druge korisnike ili posetioce www.teachme-srpski.com\/sr sajta.<\/p>\n<h3>\u0160ta radimo sa informacijama koje ste obavezni da nam dostavite<\/h3>\n<p>Dostavljanje ispravne email adrese imena na www.teachme-srpski.com\/sr sajtu potrebno je isklju\u010divo kako bismo odgovorili na va\u0161e pitanje. Nakon \u0161to zavr\u0161imo sa odgovaranjem, va\u0161e ime i email adresa \u0107e biti obrisani.<\/p>\n<h3>Bezbednost<\/h3>\n<p>Mi smo posve\u0107eni da informacije koje dostavite www.teachme-srpski.com\/sr sajtu, a to su Va\u0161e email adrese budu bezbedne, u smislu onemogu\u0107avanja neovla\u0161\u0107enog pristupa email adresama ili imenima radi zloupotrebe.<\/p>\n<h3>\u0160ta radimo sa informacijama koje prikupljamo<\/h3>\n<p>Nakon \u0161to zavr\u0161imo sa odgovaranjem na pitanje koje ste nam postavili, va\u0161e ime i email adresa \u0107e biti obrisani.<\/p>\n<p>Pored toga, prikupljamo neke ili sve od slede\u0107ih informacija od Va\u0161eg ra\u010dunara:<\/p>\n<ul>\n<li>Internet protokol (IP) adresa<\/li>\n<li>geografska lokacija<\/li>\n<li>tip veb pregleda\u010da i verzija<\/li>\n<li>operativni sistem<\/li>\n<li>du\u017eina posete, pregled stranica i bilo koje druge srodne aktivnosti pregledanja na\u0161eg sajta<\/li>\n<\/ul>\n<p>Ove informacije koriste se isklju\u010divo u statisti\u010dke svrhe pose\u0107enosti sajta i dostupne su jedino administratoru www.teachme-srpski.com\/sr sajta, kao\u00a0 i zaposlenima Edukativni centar Cvrkutanje i te informacije nisu vidljive za druge korisnike ili posetioce www.teachme-srpski.com\/sr sajta.<\/p>\n<h3>Kako mi koristimo kola\u010di\u0107e i IP adrese<\/h3>\n<p>www.teachme-srpski.com\/sr sajt koristi male tekstualne datoteke koje se nazivaju kola\u010di\u0107i (engl. cookies) da bi sa\u010duvao informacije na Va\u0161em veb pregleda\u010du. Informacije mogu da uklju\u010duju sesije identifikacija, HTTP informacije, kao i IP adrese.<\/p>\n<p>Mo\u017eete da podesite svoj veb pregleda\u010d da ne prima kola\u010di\u0107e, ali to mo\u017ee ograni\u010diti sposobnost da u kvalitetno koristite www.teachme-srpski.com\/sr sajt.<\/p>\n<p>IP adrese ra\u010dunara koji se koriste za posetu www.teachme-srpski.com\/sr sajta \u010duvaju se u bazi Google Analitics-a. Ovo uklju\u010duje obavljanje bilo koje akcije koja rezultira da se podaci prenose sa Va\u0161eg ra\u010dunara na veb sajt ili obratno.<\/p>\n<p>Va\u0161a IP adresa nije vidljiva javnosti u bilo kom trenutku.<\/p>\n<h3>Linkovi ka drugim sajtovima<\/h3>\n<p>www.teachme-srpski.com\/sr sajt mo\u017ee da sadr\u017ei linkove ka drugim spoljnim sajtovima (npr. www.facebook.com i sl).<br \/>\nwww.teachme-srpski.com\/sr sajt nema kontrolu nad spoljnim sajtovima, tako da klikom na bilo koju vezu koja rezultira posetu drugom sajtu prestaje va\u017eenja ove politike privatnosti i www.teachme-srpski.com\/sr sajt ne mo\u017ee biti odgovoran za za\u0161titu privatnosti bilo koje informacije koje ste nam dostavili tokom posete tim sajtovima.<\/p>\n<h3>Kontrolisanje li\u010dnih informacija<\/h3>\n<p>Kada koristite www.teachme-srpski.com\/sr sajt, mo\u017eete izabrati ograni\u010denu javnu dostupnost Va\u0161im li\u010dnim informacijama.<\/p>\n<p>www.teachme-srpski.com\/sr sajt ne\u0107e prodavati, distribuirati ili izdavati Va\u0161e li\u010dne podatke tre\u0107im licima, po\u0161to ih i ne pohranjuje.<\/p>\n","protected":false},"excerpt":{"rendered":"<p>Ova stranica obja\u0161njava upotrebu kola\u010di\u0107a (cookies) na ovom sajtu i politiku privatnosti. Ukoliko nastavite sa kori\u0161\u0107enjem ovog sajta, saglasni ste<\/p>\n","protected":false},"author":1,"featured_media":9818,"parent":0,"menu_order":0,"comment_status":"closed","ping_status":"open","template":"","meta":{"footnotes":""},"class_list":["post-3","page","type-page","status-publish","has-post-thumbnail","hentry"],"yoast_head":"<!-- This site is optimized with the Yoast SEO plugin v27.5 - https:\/\/yoast.com\/product\/yoast-seo-wordpress\/ -->\n<title>Politika privatnosti - Teach Me SRPSKI<\/title>\n<meta name=\"description\" content=\"Ova stranica obja\u0161njava upotrebu kola\u010di\u0107a (cookies) na ovom sajtu i politiku privatnosti. Ukoliko nastavite sa kori\u0161\u0107enjem ovog sajta, saglasni ste sa na\u0161om upotrebom kola\u010di\u0107a i politikom privatnosti.\" \/>\n<meta name=\"robots\" content=\"index, follow, max-snippet:-1, max-image-preview:large, max-video-preview:-1\" \/>\n<link rel=\"canonical\" href=\"https:\/\/www.teachme-srpski.com\/sr\/politika-privatnosti\/\" \/>\n<meta property=\"og:locale\" content=\"sr_RS\" \/>\n<meta property=\"og:type\" content=\"article\" \/>\n<meta property=\"og:title\" content=\"Politika privatnosti - Teach Me SRPSKI\" \/>\n<meta property=\"og:description\" content=\"Ova stranica obja\u0161njava upotrebu kola\u010di\u0107a (cookies) na ovom sajtu i politiku privatnosti. Ukoliko nastavite sa kori\u0161\u0107enjem ovog sajta, saglasni ste sa na\u0161om upotrebom kola\u010di\u0107a i politikom privatnosti.\" \/>\n<meta property=\"og:url\" content=\"https:\/\/www.teachme-srpski.com\/sr\/politika-privatnosti\/\" \/>\n<meta property=\"og:site_name\" content=\"Teach Me SRPSKI\" \/>\n<meta property=\"article:modified_time\" content=\"2024-04-17T14:34:55+00:00\" \/>\n<meta property=\"og:image\" content=\"https:\/\/www.teachme-srpski.com\/sr\/media\/me-600x600-1.png\" \/>\n\t<meta property=\"og:image:width\" content=\"600\" \/>\n\t<meta property=\"og:image:height\" content=\"600\" \/>\n\t<meta property=\"og:image:type\" content=\"image\/png\" \/>\n<meta name=\"twitter:card\" content=\"summary_large_image\" \/>\n<meta name=\"twitter:label1\" content=\"Procenjeno vreme \u010ditanja\" \/>\n\t<meta name=\"twitter:data1\" content=\"5 minuta\" \/>\n<script type=\"application\/ld+json\" class=\"yoast-schema-graph\">{\"@context\":\"https:\\\/\\\/schema.org\",\"@graph\":[{\"@type\":\"WebPage\",\"@id\":\"https:\\\/\\\/www.teachme-srpski.com\\\/sr\\\/politika-privatnosti\\\/\",\"url\":\"https:\\\/\\\/www.teachme-srpski.com\\\/sr\\\/politika-privatnosti\\\/\",\"name\":\"Politika privatnosti - Teach Me SRPSKI\",\"isPartOf\":{\"@id\":\"https:\\\/\\\/www.teachme-srpski.com\\\/sr\\\/#website\"},\"primaryImageOfPage\":{\"@id\":\"https:\\\/\\\/www.teachme-srpski.com\\\/sr\\\/politika-privatnosti\\\/#primaryimage\"},\"image\":{\"@id\":\"https:\\\/\\\/www.teachme-srpski.com\\\/sr\\\/politika-privatnosti\\\/#primaryimage\"},\"thumbnailUrl\":\"https:\\\/\\\/www.teachme-srpski.com\\\/sr\\\/media\\\/me-600x600-1.png\",\"datePublished\":\"2024-01-17T11:11:38+00:00\",\"dateModified\":\"2024-04-17T14:34:55+00:00\",\"description\":\"Ova stranica obja\u0161njava upotrebu kola\u010di\u0107a (cookies) na ovom sajtu i politiku privatnosti. Ukoliko nastavite sa kori\u0161\u0107enjem ovog sajta, saglasni ste sa na\u0161om upotrebom kola\u010di\u0107a i politikom privatnosti.\",\"breadcrumb\":{\"@id\":\"https:\\\/\\\/www.teachme-srpski.com\\\/sr\\\/politika-privatnosti\\\/#breadcrumb\"},\"inLanguage\":\"sr-RS\",\"potentialAction\":[{\"@type\":\"ReadAction\",\"target\":[\"https:\\\/\\\/www.teachme-srpski.com\\\/sr\\\/politika-privatnosti\\\/\"]}]},{\"@type\":\"ImageObject\",\"inLanguage\":\"sr-RS\",\"@id\":\"https:\\\/\\\/www.teachme-srpski.com\\\/sr\\\/politika-privatnosti\\\/#primaryimage\",\"url\":\"https:\\\/\\\/www.teachme-srpski.com\\\/sr\\\/media\\\/me-600x600-1.png\",\"contentUrl\":\"https:\\\/\\\/www.teachme-srpski.com\\\/sr\\\/media\\\/me-600x600-1.png\",\"width\":600,\"height\":600,\"caption\":\"me 600x600\"},{\"@type\":\"BreadcrumbList\",\"@id\":\"https:\\\/\\\/www.teachme-srpski.com\\\/sr\\\/politika-privatnosti\\\/#breadcrumb\",\"itemListElement\":[{\"@type\":\"ListItem\",\"position\":1,\"name\":\"Home\",\"item\":\"https:\\\/\\\/www.teachme-srpski.com\\\/sr\\\/\"},{\"@type\":\"ListItem\",\"position\":2,\"name\":\"Politika privatnosti\"}]},{\"@type\":\"WebSite\",\"@id\":\"https:\\\/\\\/www.teachme-srpski.com\\\/sr\\\/#website\",\"url\":\"https:\\\/\\\/www.teachme-srpski.com\\\/sr\\\/\",\"name\":\"Teach Me SRPSKI\",\"description\":\"Serbian language online lessons for foreigners\",\"potentialAction\":[{\"@type\":\"SearchAction\",\"target\":{\"@type\":\"EntryPoint\",\"urlTemplate\":\"https:\\\/\\\/www.teachme-srpski.com\\\/sr\\\/?s={search_term_string}\"},\"query-input\":{\"@type\":\"PropertyValueSpecification\",\"valueRequired\":true,\"valueName\":\"search_term_string\"}}],\"inLanguage\":\"sr-RS\"}]}<\/script>\n<!-- \/ Yoast SEO plugin. -->","yoast_head_json":{"title":"Politika privatnosti - Teach Me SRPSKI","description":"Ova stranica obja\u0161njava upotrebu kola\u010di\u0107a (cookies) na ovom sajtu i politiku privatnosti. Ukoliko nastavite sa kori\u0161\u0107enjem ovog sajta, saglasni ste sa na\u0161om upotrebom kola\u010di\u0107a i politikom privatnosti.","robots":{"index":"index","follow":"follow","max-snippet":"max-snippet:-1","max-image-preview":"max-image-preview:large","max-video-preview":"max-video-preview:-1"},"canonical":"https:\/\/www.teachme-srpski.com\/sr\/politika-privatnosti\/","og_locale":"sr_RS","og_type":"article","og_title":"Politika privatnosti - Teach Me SRPSKI","og_description":"Ova stranica obja\u0161njava upotrebu kola\u010di\u0107a (cookies) na ovom sajtu i politiku privatnosti. Ukoliko nastavite sa kori\u0161\u0107enjem ovog sajta, saglasni ste sa na\u0161om upotrebom kola\u010di\u0107a i politikom privatnosti.","og_url":"https:\/\/www.teachme-srpski.com\/sr\/politika-privatnosti\/","og_site_name":"Teach Me SRPSKI","article_modified_time":"2024-04-17T14:34:55+00:00","og_image":[{"width":600,"height":600,"url":"https:\/\/www.teachme-srpski.com\/sr\/media\/me-600x600-1.png","type":"image\/png"}],"twitter_card":"summary_large_image","twitter_misc":{"Procenjeno vreme \u010ditanja":"5 minuta"},"schema":{"@context":"https:\/\/schema.org","@graph":[{"@type":"WebPage","@id":"https:\/\/www.teachme-srpski.com\/sr\/politika-privatnosti\/","url":"https:\/\/www.teachme-srpski.com\/sr\/politika-privatnosti\/","name":"Politika privatnosti - Teach Me SRPSKI","isPartOf":{"@id":"https:\/\/www.teachme-srpski.com\/sr\/#website"},"primaryImageOfPage":{"@id":"https:\/\/www.teachme-srpski.com\/sr\/politika-privatnosti\/#primaryimage"},"image":{"@id":"https:\/\/www.teachme-srpski.com\/sr\/politika-privatnosti\/#primaryimage"},"thumbnailUrl":"https:\/\/www.teachme-srpski.com\/sr\/media\/me-600x600-1.png","datePublished":"2024-01-17T11:11:38+00:00","dateModified":"2024-04-17T14:34:55+00:00","description":"Ova stranica obja\u0161njava upotrebu kola\u010di\u0107a (cookies) na ovom sajtu i politiku privatnosti. Ukoliko nastavite sa kori\u0161\u0107enjem ovog sajta, saglasni ste sa na\u0161om upotrebom kola\u010di\u0107a i politikom privatnosti.","breadcrumb":{"@id":"https:\/\/www.teachme-srpski.com\/sr\/politika-privatnosti\/#breadcrumb"},"inLanguage":"sr-RS","potentialAction":[{"@type":"ReadAction","target":["https:\/\/www.teachme-srpski.com\/sr\/politika-privatnosti\/"]}]},{"@type":"ImageObject","inLanguage":"sr-RS","@id":"https:\/\/www.teachme-srpski.com\/sr\/politika-privatnosti\/#primaryimage","url":"https:\/\/www.teachme-srpski.com\/sr\/media\/me-600x600-1.png","contentUrl":"https:\/\/www.teachme-srpski.com\/sr\/media\/me-600x600-1.png","width":600,"height":600,"caption":"me 600x600"},{"@type":"BreadcrumbList","@id":"https:\/\/www.teachme-srpski.com\/sr\/politika-privatnosti\/#breadcrumb","itemListElement":[{"@type":"ListItem","position":1,"name":"Home","item":"https:\/\/www.teachme-srpski.com\/sr\/"},{"@type":"ListItem","position":2,"name":"Politika privatnosti"}]},{"@type":"WebSite","@id":"https:\/\/www.teachme-srpski.com\/sr\/#website","url":"https:\/\/www.teachme-srpski.com\/sr\/","name":"Teach Me SRPSKI","description":"Serbian language online lessons for foreigners","potentialAction":[{"@type":"SearchAction","target":{"@type":"EntryPoint","urlTemplate":"https:\/\/www.teachme-srpski.com\/sr\/?s={search_term_string}"},"query-input":{"@type":"PropertyValueSpecification","valueRequired":true,"valueName":"search_term_string"}}],"inLanguage":"sr-RS"}]}},"_links":{"self":[{"href":"https:\/\/www.teachme-srpski.com\/sr\/wp-json\/wp\/v2\/pages\/3","targetHints":{"allow":["GET"]}}],"collection":[{"href":"https:\/\/www.teachme-srpski.com\/sr\/wp-json\/wp\/v2\/pages"}],"about":[{"href":"https:\/\/www.teachme-srpski.com\/sr\/wp-json\/wp\/v2\/types\/page"}],"author":[{"embeddable":true,"href":"https:\/\/www.teachme-srpski.com\/sr\/wp-json\/wp\/v2\/users\/1"}],"replies":[{"embeddable":true,"href":"https:\/\/www.teachme-srpski.com\/sr\/wp-json\/wp\/v2\/comments?post=3"}],"version-history":[{"count":2,"href":"https:\/\/www.teachme-srpski.com\/sr\/wp-json\/wp\/v2\/pages\/3\/revisions"}],"predecessor-version":[{"id":9856,"href":"https:\/\/www.teachme-srpski.com\/sr\/wp-json\/wp\/v2\/pages\/3\/revisions\/9856"}],"wp:featuredmedia":[{"embeddable":true,"href":"https:\/\/www.teachme-srpski.com\/sr\/wp-json\/wp\/v2\/media\/9818"}],"wp:attachment":[{"href":"https:\/\/www.teachme-srpski.com\/sr\/wp-json\/wp\/v2\/media?parent=3"}],"curies":[{"name":"wp","href":"https:\/\/api.w.org\/{rel}","templated":true}]}}